{"id":149,"date":"2022-10-28T10:10:46","date_gmt":"2022-10-28T08:10:46","guid":{"rendered":"https:\/\/trustme.consulting\/?page_id=149"},"modified":"2024-06-06T09:03:54","modified_gmt":"2024-06-06T07:03:54","slug":"impressum","status":"publish","type":"page","link":"https:\/\/trustme.consulting\/de\/impressum\/","title":{"rendered":"Impressum"},"content":{"rendered":"<div data-elementor-type=\"wp-page\" data-elementor-id=\"149\" class=\"elementor elementor-149\" data-elementor-post-type=\"page\">\n\t\t\t\t<div class=\"elementor-element elementor-element-1f0286d e-flex e-con-boxed e-con e-parent\" data-id=\"1f0286d\" data-element_type=\"container\" data-e-type=\"container\" data-settings=\"{&quot;background_background&quot;:&quot;classic&quot;}\">\n\t\t\t\t\t<div class=\"e-con-inner\">\n\t\t<div class=\"elementor-element elementor-element-aebc49f e-flex e-con-boxed e-con e-child\" data-id=\"aebc49f\" data-element_type=\"container\" data-e-type=\"container\">\n\t\t\t\t\t<div class=\"e-con-inner\">\n\t\t<div class=\"elementor-element elementor-element-82841c6 e-flex e-con-boxed e-con e-child\" data-id=\"82841c6\" data-element_type=\"container\" data-e-type=\"container\">\n\t\t\t\t\t<div class=\"e-con-inner\">\n\t\t<div class=\"elementor-element elementor-element-62d2809 e-con-full e-flex e-con e-child\" data-id=\"62d2809\" data-element_type=\"container\" data-e-type=\"container\">\n\t\t\t\t<div class=\"elementor-element elementor-element-c2a4064 elementor-widget elementor-widget-heading\" data-id=\"c2a4064\" data-element_type=\"widget\" data-e-type=\"widget\" data-widget_type=\"heading.default\">\n\t\t\t\t<div class=\"elementor-widget-container\">\n\t\t\t\t\t<h3 class=\"elementor-heading-title elementor-size-default\">Angaben gem\u00e4\u00df \u00a7 5 TMG<\/h3>\t\t\t\t<\/div>\n\t\t\t\t<\/div>\n\t\t\t\t<div class=\"elementor-element elementor-element-0df6cb5 elementor-widget elementor-widget-heading\" data-id=\"0df6cb5\" data-element_type=\"widget\" data-e-type=\"widget\" data-widget_type=\"heading.default\">\n\t\t\t\t<div class=\"elementor-widget-container\">\n\t\t\t\t\t<h2 class=\"elementor-heading-title elementor-size-default\">Impressum<\/h2>\t\t\t\t<\/div>\n\t\t\t\t<\/div>\n\t\t\t\t<div class=\"elementor-element elementor-element-3b9e29e elementor-widget elementor-widget-text-editor\" data-id=\"3b9e29e\" data-element_type=\"widget\" data-e-type=\"widget\" data-widget_type=\"text-editor.default\">\n\t\t\t\t<div class=\"elementor-widget-container\">\n\t\t\t\t\t\t\t\t\t<p><strong>trustme! aviation consulting GmbH<\/strong><br \/>Baeumerstr. 9<br \/>D-44141 Dortmund<\/p><p>Telefon: +49 231-138508 \u2013 70<br \/>E-Mail: aviation@trustme.consulting<\/p><p><strong>Gesch\u00e4ftsf\u00fchrer:<\/strong><br \/>Sven Stute<\/p><p><strong>Registergericht:<\/strong><br \/>Amtsgericht Dortmund<br \/>Registernummer:<br \/>\u2013 HRB 14776 \u2013<br \/>Umsatzsteuer-ID:<br \/>DE318042987<\/p><p><strong>Steuernummer:<\/strong><br \/>316\/5781\/1257<\/p><p><strong>DIE TRUSTME! AVIATION CONSULTING GMBH IST HAFTPFLICHTVERSICHERT \u00dcBER:<\/strong><br \/>Allianz Hauptvertretung<\/p><p>Rombergstr. 6<\/p><p>59439 Holzwickede<\/p><p>Telefon:+49 2301 9453898<\/p><p>Telefax:+49 2301 9453896<\/p><p><strong>URHEBERRECHTLICHE HINWEISE<\/strong><\/p><p><strong>1. HAFTUNGSBESCHR\u00c4NKUNG<\/strong><br \/>Die Inhalte dieser Website werden mit gr\u00f6\u00dftm\u00f6glicher Sorgfalt erstellt. Der Anbieter \u00fcbernimmt jedoch keine Gew\u00e4hr f\u00fcr die Richtigkeit, Vollst\u00e4ndigkeit und Aktualit\u00e4t der bereitgestellten Inhalte. Die Nutzung der Inhalte der Website erfolgt auf eigene Gefahr des Nutzers. Namentlich gekennzeichnete Beitr\u00e4ge geben die Meinung des jeweiligen Autors und nicht immer die Meinung des Anbieters wieder. Mit der reinen Nutzung der Website des Anbieters kommt keinerlei Vertragsverh\u00e4ltnis zwischen dem Nutzer und dem Anbieter zustande.<\/p><p><strong>2. EXTERNE LINKS<\/strong><br \/>Diese Website enth\u00e4lt Verkn\u00fcpfungen zu Websites Dritter (\u201cexterne Links\u201d). Diese Websites unterliegen der Haftung der jeweiligen Betreiber. Der Anbieter hat bei der erstmaligen Verkn\u00fcpfung der externen Links die fremden Inhalte daraufhin \u00fcberpr\u00fcft, ob etwaige Rechtsverst\u00f6\u00dfe bestehen. Zu dem Zeitpunkt waren keine Rechtsverst\u00f6\u00dfe ersichtlich. Der Anbieter hat keinerlei Einfluss auf die aktuelle und zuk\u00fcnftige Gestaltung und auf die Inhalte der verkn\u00fcpften Seiten. Das Setzen von externen Links bedeutet nicht, dass sich der Anbieter die hinter dem Verweis oder Link liegenden Inhalte zu Eigen macht. Eine st\u00e4ndige Kontrolle der externen Links ist f\u00fcr den Anbieter ohne konkrete Hinweise auf Rechtsverst\u00f6\u00dfe nicht zumutbar. Bei Kenntnis von Rechtsverst\u00f6\u00dfen werden jedoch derartige externe Links unverz\u00fcglich gel\u00f6scht.<\/p><p><strong>3. URHEBER- UND LEISTUNGSSCHUTZRECHTE<\/strong><br \/>Die auf dieser Website ver\u00f6ffentlichten Inhalte unterliegen dem deutschen Urheber- und Leistungsschutzrecht. Jede vom deutschen Urheber- und Leistungsschutzrecht nicht zugelassene Verwertung bedarf der vorherigen schriftlichen Zustimmung des Anbieters oder jeweiligen Rechteinhabers. Dies gilt insbesondere f\u00fcr Vervielf\u00e4ltigung, Bearbeitung, \u00dcbersetzung, Einspeicherung, Verarbeitung bzw. Wiedergabe von Inhalten in Datenbanken oder anderen elektronischen Medien und Systemen. Inhalte und Rechte Dritter sind dabei als solche gekennzeichnet. Die unerlaubte Vervielf\u00e4ltigung oder Weitergabe einzelner Inhalte oder kompletter Seiten ist nicht gestattet und strafbar. Lediglich die Herstellung von Kopien und Downloads f\u00fcr den pers\u00f6nlichen, privaten und nicht kommerziellen Gebrauch ist erlaubt. Die Darstellung dieser Website in fremden Frames ist nur mit schriftlicher Erlaubnis zul\u00e4ssig.<\/p><p><strong>Auf der Webseite verwendete Bilder:<\/strong><\/p>\t\t\t\t\t\t\t\t<\/div>\n\t\t\t\t<\/div>\n\t\t\t\t<div class=\"elementor-element elementor-element-e6d48c4 elementor-icon-list--layout-traditional elementor-list-item-link-full_width elementor-widget elementor-widget-icon-list\" data-id=\"e6d48c4\" data-element_type=\"widget\" data-e-type=\"widget\" data-widget_type=\"icon-list.default\">\n\t\t\t\t<div class=\"elementor-widget-container\">\n\t\t\t\t\t\t\t<ul class=\"elementor-icon-list-items\">\n\t\t\t\t\t\t\t<li class=\"elementor-icon-list-item\">\n\t\t\t\t\t\t\t\t\t\t\t<a href=\"https:\/\/pixabay.com\/de\/photos\/reise-himmel-fl%C3%BCgel-freiheit-3258154\/\" target=\"_blank\" rel=\"noopener\">\n\n\t\t\t\t\t\t\t\t\t\t\t\t<span class=\"elementor-icon-list-icon\">\n\t\t\t\t\t\t\t<svg aria-hidden=\"true\" class=\"e-font-icon-svg e-far-copyright\" viewbox=\"0 0 512 512\" xmlns=\"http:\/\/www.w3.org\/2000\/svg\"><path d=\"M256 8C119.033 8 8 119.033 8 256s111.033 248 248 248 248-111.033 248-248S392.967 8 256 8zm0 448c-110.532 0-200-89.451-200-200 0-110.531 89.451-200 200-200 110.532 0 200 89.451 200 200 0 110.532-89.451 200-200 200zm107.351-101.064c-9.614 9.712-45.53 41.396-104.065 41.396-82.43 0-140.484-61.425-140.484-141.567 0-79.152 60.275-139.401 139.762-139.401 55.531 0 88.738 26.62 97.593 34.779a11.965 11.965 0 0 1 1.936 15.322l-18.155 28.113c-3.841 5.95-11.966 7.282-17.499 2.921-8.595-6.776-31.814-22.538-61.708-22.538-48.303 0-77.916 35.33-77.916 80.082 0 41.589 26.888 83.692 78.277 83.692 32.657 0 56.843-19.039 65.726-27.225 5.27-4.857 13.596-4.039 17.82 1.738l19.865 27.17a11.947 11.947 0 0 1-1.152 15.518z\"><\/path><\/svg>\t\t\t\t\t\t<\/span>\n\t\t\t\t\t\t\t\t\t\t<span class=\"elementor-icon-list-text\">jplenio | pixabay<\/span>\n\t\t\t\t\t\t\t\t\t\t\t<\/a>\n\t\t\t\t\t\t\t\t\t<\/li>\n\t\t\t\t\t\t<\/ul>\n\t\t\t\t\t\t<\/div>\n\t\t\t\t<\/div>\n\t\t\t\t<\/div>\n\t\t\t\t\t<\/div>\n\t\t\t\t<\/div>\n\t\t\t\t\t<\/div>\n\t\t\t\t<\/div>\n\t\t\t\t\t<\/div>\n\t\t\t\t<\/div>\n\t\t\t\t<\/div>","protected":false},"excerpt":{"rendered":"<p>Angaben gem\u00e4\u00df \u00a7 5 TMG Impressum trustme! aviation consulting GmbHBaeumerstr. 9D-44141 Dortmund Telefon: +49 231-138508 \u2013 70E-Mail: aviation@trustme.consulting Gesch\u00e4ftsf\u00fchrer:Sven Stute Registergericht:Amtsgericht DortmundRegisternummer:\u2013 HRB 14776 \u2013Umsatzsteuer-ID:DE318042987 Steuernummer:316\/5781\/1257 DIE TRUSTME! AVIATION CONSULTING GMBH IST HAFTPFLICHTVERSICHERT \u00dcBER:Allianz Hauptvertretung Rombergstr. 6 59439 Holzwickede Telefon:+49 2301 9453898 Telefax:+49 2301 9453896 URHEBERRECHTLICHE HINWEISE 1. HAFTUNGSBESCHR\u00c4NKUNGDie Inhalte dieser Website werden mit gr\u00f6\u00dftm\u00f6glicher [&hellip;]<\/p>\n","protected":false},"author":3,"featured_media":0,"parent":0,"menu_order":0,"comment_status":"closed","ping_status":"closed","template":"","meta":{"footnotes":""},"class_list":["post-149","page","type-page","status-publish","hentry"],"_links":{"self":[{"href":"https:\/\/trustme.consulting\/de\/wp-json\/wp\/v2\/pages\/149","targetHints":{"allow":["GET"]}}],"collection":[{"href":"https:\/\/trustme.consulting\/de\/wp-json\/wp\/v2\/pages"}],"about":[{"href":"https:\/\/trustme.consulting\/de\/wp-json\/wp\/v2\/types\/page"}],"author":[{"embeddable":true,"href":"https:\/\/trustme.consulting\/de\/wp-json\/wp\/v2\/users\/3"}],"replies":[{"embeddable":true,"href":"https:\/\/trustme.consulting\/de\/wp-json\/wp\/v2\/comments?post=149"}],"version-history":[{"count":10,"href":"https:\/\/trustme.consulting\/de\/wp-json\/wp\/v2\/pages\/149\/revisions"}],"predecessor-version":[{"id":10003,"href":"https:\/\/trustme.consulting\/de\/wp-json\/wp\/v2\/pages\/149\/revisions\/10003"}],"wp:attachment":[{"href":"https:\/\/trustme.consulting\/de\/wp-json\/wp\/v2\/media?parent=149"}],"curies":[{"name":"wp","href":"https:\/\/api.w.org\/{rel}","templated":true}]}}